{"id":2505,"date":"2016-08-10T16:41:28","date_gmt":"2016-08-10T14:41:28","guid":{"rendered":"http:\/\/theblackfig.com\/de\/?page_id=2505"},"modified":"2025-05-23T17:32:43","modified_gmt":"2025-05-23T15:32:43","slug":"italienisch-kochen-mit-regionalen-produkten","status":"publish","type":"page","link":"https:\/\/theblackfig.com\/de\/italienisch-kochen-mit-regionalen-produkten","title":{"rendered":"Italienisch Kochen mit regionalen Produkten"},"content":{"rendered":"<p style=\"text-align: justify;\"><img decoding=\"async\" class=\"aligncenter size-full wp-image-3213\" src=\"https:\/\/theblackfig.com\/wp-content\/uploads\/2016\/07\/g\u00fctezeichen.png\" alt=\"Italienisch Kochen mit regionalen Produkten\" width=\"700\" height=\"700\" srcset=\"https:\/\/theblackfig.com\/wp-content\/uploads\/2016\/07\/g\u00fctezeichen.png 700w, https:\/\/theblackfig.com\/wp-content\/uploads\/2016\/07\/g\u00fctezeichen-216x216.png 216w, https:\/\/theblackfig.com\/wp-content\/uploads\/2016\/07\/g\u00fctezeichen-375x375.png 375w, https:\/\/theblackfig.com\/wp-content\/uploads\/2016\/07\/g\u00fctezeichen-150x150.png 150w, https:\/\/theblackfig.com\/wp-content\/uploads\/2016\/07\/g\u00fctezeichen-300x300.png 300w, https:\/\/theblackfig.com\/wp-content\/uploads\/2016\/07\/g\u00fctezeichen-500x500.png 500w, https:\/\/theblackfig.com\/wp-content\/uploads\/2016\/07\/g\u00fctezeichen-360x361.png 360w, https:\/\/theblackfig.com\/wp-content\/uploads\/2016\/07\/g\u00fctezeichen-320x320.png 320w\" sizes=\"(max-width: 700px) 100vw, 700px\" \/><\/p>\n<p style=\"text-align: justify;\">Wenn Sie die italienische K\u00fcche kennenlernen m\u00f6chten, sind Sie hier am richtigen Ort. &#8222;Italienisch Kochen mit regionalen Produkten&#8220; ist die den regionalen, italienischen Qualit\u00e4tsprodukten (Lebensmitteln) gewidmete Rubrik, die <strong>Rezepte mit lokalen Produkten<\/strong> verzeichnet. Diese sind nur als Ratschl\u00e4ge zu verstehen, um diese Produkte aus der italienischen und v.a. <a href=\"https:\/\/theblackfig.com\/de\/toskanische-kueche-gerichte-typische-produkte\">toskanischen K\u00fcche<\/a> n\u00e4her kennen und in der K\u00fcche sch\u00e4tzen zu lernen. Durch die Rezepte m\u00f6chte ich diese Qualit\u00e4tslebensmittel bekannt machen. So erfahren Sie, was Sie bei der n\u00e4chsten <strong>Reise nach Italien <\/strong>mitbringen und zuhause kochen k\u00f6nnen!<\/p>\n<p style=\"text-align: justify;\">Nat\u00fcrlich schreibe ich auf meinem Blog eher von toskanischen Qualit\u00e4tsprodukten. Dennoch ist meine Neugier auf <strong>kulinarische Gen\u00fcsse <\/strong>uneingeschr\u00e4nkt. Auch Produkte aus anderen italienischen Regionen (wie Piemont), die ich besucht habe, finden Sie hier. Hier finden Sie \u00fcbrigens <a href=\"https:\/\/www.bmel.de\/DE\/themen\/landwirtschaft\/agrarmaerkte\/geschuetzte-bezeichnungen.html\" target=\"_blank\" rel=\"noopener\">deutsche Produkte mit Herkunftsbezeichnung<\/a>.<\/p>\n<h2 style=\"text-align: justify;\">Essen, Kochen und Verreisen<\/h2>\n<p style=\"text-align: justify;\">Die Gastronomie-Liebhaber sind die Liebhaber der guten Lebensmittel und des guten Trinkens. Sie sind aber auch diejenigen, die qualitativ hochwertige Produkte zu sch\u00e4tzen wissen, welche ein Gericht besonders gelingen lassen. So ein Essen h\u00e4lt dann auch\u00a0 die Erinnerung an eine besonders sch\u00f6ne Zeit wach. Egal ob die Liebhaber des guten Essens und Trinkens professionelle K\u00f6che oder Amateure sind: wer das Essen mag, will auch wissen, <strong>was genau auf dem Teller landet<\/strong> und auch, wie es zubereitet wurde. Die Zutaten sind wichtig! Deswegen kochen die guten K\u00f6che mit <strong>guten Zutaten<\/strong>. Qualit\u00e4t schmeckt man!<\/p>\n<p style=\"text-align: justify;\">Kochen ist immer mit erlebten Erfahrungen verbunden. Eine <strong>Erinnerung<\/strong> sich mit einem <strong>Gericht<\/strong> verbinden. Das Ged\u00e4chtnis und die K\u00fcche als sinnliches Erlebnis, geh\u00f6ren mindestens seit der <em>madeleine<\/em> von Proust zusammen. Pers\u00f6nlich liebe ich die Geschichte, die ein Gericht haben kann und die oft eng mit den Zutaten verbunden ist. Daher mein kulturelles Interesse f\u00fcr den Ort und die Meschen, die sie hergestellt haben sowie f\u00fcr unsere Gegenwart.<br \/>\nWer das Thema &#8222;Essen-K\u00fcche-Kultur&#8220; vertiefen m\u00f6chte, dem empfehle ich die <a href=\"https:\/\/www.amazon.de\/stores\/Massimo-Montanari\/author\/B001HMSMR8?language=en&amp;ref=sr_ntt_srch_lnk_1&amp;qid=1729865017&amp;sr=8-1&amp;isDramIntegrated=true&amp;shoppingPortalEnabled=true\" target=\"_blank\" rel=\"noopener noreferrer\">B\u00fccher<\/a> von Massimo Montanari zu lesen, die weltweit f\u00fcr das Thema bekannt sind.<\/p>\n<p style=\"text-align: justify;\"><img decoding=\"async\" class=\"aligncenter size-full wp-image-3194\" src=\"https:\/\/theblackfig.com\/wp-content\/uploads\/2016\/07\/Rezepte-mit-G\u00fctesiegeln.png\" alt=\"Rezepte mit italienischen G\u00fctesiegeln\" width=\"680\" height=\"1020\" srcset=\"https:\/\/theblackfig.com\/wp-content\/uploads\/2016\/07\/Rezepte-mit-G\u00fctesiegeln.png 680w, https:\/\/theblackfig.com\/wp-content\/uploads\/2016\/07\/Rezepte-mit-G\u00fctesiegeln-200x300.png 200w, https:\/\/theblackfig.com\/wp-content\/uploads\/2016\/07\/Rezepte-mit-G\u00fctesiegeln-300x450.png 300w\" sizes=\"(max-width: 680px) 100vw, 680px\" \/><\/p>\n<h2 style=\"text-align: justify;\">Typische Produkte Italiens: &#8222;IGP&#8220;, &#8222;DOP&#8220;, Slow Food<\/h2>\n<p style=\"text-align: justify;\">Die G\u00fctezeichen finde ich gut. Wenn ich verreise und die lokale K\u00fcche kennenlernen m\u00f6chte, geben die G\u00fctezeichen schon einen Hinweis darauf, was ich f\u00fcr Produkte in der K\u00fcche erwarten kann.\u00a0Dank der IGP- und DOP-Produkte kann der <strong>Verbraucher<\/strong> gute, lokale Produkte kaufen. Ich sehe solche Produkte als eine Chance: dadurch kann man auch etwas \u00fcber Orte Italiens lernen, die man vielleicht noch nicht kennt. Ich bin auch \u00fcberzeugt, dass es wichtig ist, zu wissen, welche Produkte f\u00fcr ein Gericht verwendet wurden.<\/p>\n<p style=\"text-align: justify;\">Ein Beispiel. Wenn ich ein DOP-Produkt wie Kastanienmehl benutze, kann ich nicht nur die Qualit\u00e4t des Produkts im Gericht genie\u00dfen, sondern erfahre auch, dass Kastanienmehl an einem <strong>Ort in der Toskana<\/strong> hergestellt wird (Garfagnana oder Lunigiana), der seit Jahrhunderten dasselbe Verfahren anwendet und dass dieses der Grund daf\u00fcr ist, dass das Mehl so gut schmeckt. Vielleicht n\u00e4chstes Mal im Urlaub habe ich Lust, jenen Ort zu besuchen. Das gilt f\u00fcr jede Region in Italien und f\u00fcr jedes andere Land.<\/p>\n<p style=\"text-align: justify;\">Die EU hat seit einigen Jahren (<a href=\"http:\/\/eur-lex.europa.eu\/LexUriServ\/LexUriServ.do?uri=OJ:L:2006:093:0012:0025:DE:PDF\" target=\"_blank\" rel=\"noopener noreferrer\">EU-Verordnung 510\/2006<\/a>) <a href=\"http:\/\/ec.europa.eu\/agriculture\/quality\/schemes\/index_de.htm\" target=\"_blank\" rel=\"noopener noreferrer\">G\u00fctesiegel<\/a>\u00a0eingef\u00fchrt, die &#8222;die\u00a0Diversifizierung der landwirtschaftlichen Produktion&#8220;, die &#8222;Produktbezeichnungen gegen Missbrauch und Nachahmung&#8220; (man denke z.B. an dem <em>Parmigiano Reggiano<\/em>) bezwecken und v.a. auch die &#8222;Verbraucher \u00fcber die besonderen Merkmale der Erzeugnisse&#8220; informieren sollen. Die G\u00fctesiegel sind\u00a0in jedem europ\u00e4ischen Land <strong>dreierlei<\/strong>. In Italien entspricht das <strong>IGP<\/strong> der &#8222;gesch\u00fctzten Ursprungsbezeichnung&#8220; (<strong>g.g.A.<\/strong>), das <strong>DOP<\/strong> der &#8222;gesch\u00fctzten geografischen Angabe&#8220; (<strong>g.U.<\/strong>) und das <strong>S.T.G.<\/strong> der &#8222;garantiert traditionellen Spezialit\u00e4t&#8220; (<strong>gtS<\/strong>). Die ersten zwei G\u00fctesiegel (IGP, DOP) sind\u00a0 in Italien die wichtigsten und zahlreicheren. Um genau zu sein, hat Italien zwei STG-Produkte, die neapolitanische Pizza und den Mozzarella.<\/p>\n<p style=\"text-align: justify;\">Jedes europ\u00e4isches Land hat eigene Produkte mit G\u00fctesiegeln. Italien und Frankreich sind die zwei europ\u00e4ischen L\u00e4nder, die am meisten anerkannte G\u00fctesiegel haben. Ich sehe darin auch einen Zusammenhang mit der gro\u00dfen kulinarischen Tradition bzw.\u00a0Kultur beider L\u00e4ndern.<br \/>\nF\u00fcr eine\u00a0Liste der\u00a0<a href=\"http:\/\/ec.europa.eu\/agriculture\/quality\/door\/list.html;jsessionid=4LVZXtCCLf1brh1Yxy6111JnTnLKGWhGHcG9Hh7l2GkZ1sHpYJsn!-1946486245?&amp;recordStart=0&amp;filter.dossierNumber=&amp;filter.comboName=&amp;filterMin.milestone__mask=&amp;filterMin.milestone=&amp;filterMax.milestone__mask=&amp;filterMax.milestone=&amp;filter.country=DE&amp;filter.category=&amp;filter.type=&amp;filter.status=REGISTERED\" target=\"_blank\" rel=\"noopener noreferrer\">deutschen Produkte mit Herkunftbezeichnung<\/a>\u00a0und \u00a0eine sch\u00f6ne <a href=\"http:\/\/www.bmel.de\/SharedDocs\/Bilder\/Fachbereiche\/Ernaehrung\/IFL_Karte_Geoschutz.jpg;jsessionid=1B4989B11B586E49732D2C09E9305AD5.2_cid367?__blob=poster&amp;v=32\" target=\"_blank\" rel=\"noopener noreferrer\">Karte<\/a> der deutschen Produkte\u00a0klicken Sie auf die Links.<\/p>\n<h2 style=\"text-align: justify;\">Nicht nur G\u00fctezeichen<\/h2>\n<p style=\"text-align: justify;\">Ich\u00a0m\u00f6chte mich nicht nur auf die IGP und DOP G\u00fctesiegel konzentrieren, denn in Italien ist das kulinarische Angebot sehr reich! Z.B. gibt es die sogenannten &#8222;<em>Presidi<\/em>&#8220; von <a href=\"http:\/\/www.slowfood.de\/\" target=\"_blank\" rel=\"noopener noreferrer\">Slow Food<\/a>, n\u00e4mlich bestimmte regionale Produkte, die Slow Food aufgrund ihrer kulturellen und kulinarischen Bedeutung aufwerten und vorm Vergessen sch\u00fctzen m\u00f6chten. Sie finden in meiner Rurik auch Platz.<\/p>\n<p style=\"text-align: justify;\">Zuletzt sollen auch typische Lebensmittel nicht vergessen werden, die keine Kennzeichnung tragen, jedoch die regionale und noch st\u00e4rker <strong>die lokale K\u00fcche<\/strong> (d.h. nicht z.B. die toskanische, aber die pisanische oder florentinische K\u00fcche) beeinflussen. Diese Produkte sind manchmal nur den Bewohnern eines Orts bekannt und kommen wahrscheinlich jede Woche auf dem Tisch. Beispiele daf\u00fcr sind z.B. die ausgezeichneten Pinienkerne aus dem Migliarino-Naturpark in Pisa oder der toskanische Schwarzkohl, der v.a. in der Toskana verbreitet und eine der Hauptzutaten der toskanischen Brotsuppen ist. Deswegen ist eine Sektion dieser Rubrik auch diesen Produkten gewidmet.<\/p>\n<p style=\"text-align: justify;\">Die Produkten geh\u00f6ren zu unterschiedlichen Kategorien: Fleisch, Wurst, K\u00e4se, Gem\u00fcse, Getreide, S\u00fcssigkeiten, Fisch usw. Jedes Produkt hat eine Geschichte, die ich meinen Lesern erz\u00e4hlen m\u00f6chte und die manchmal mit einem pers\u00f6nlichen Erlebnis aus dem Herkunftsgebiet jenes Qualit\u00e4tsprodukts verbunden ist.<\/p>\n<p style=\"text-align: justify;\"><img decoding=\"async\" class=\"aligncenter size-full wp-image-3198\" src=\"https:\/\/theblackfig.com\/wp-content\/uploads\/2016\/07\/Rezepte-mit-lokalen-Produkten-Italiens-1.png\" alt=\"Kochen mit lokalen Produkten Italiens\" width=\"680\" height=\"1020\" srcset=\"https:\/\/theblackfig.com\/wp-content\/uploads\/2016\/07\/Rezepte-mit-lokalen-Produkten-Italiens-1.png 680w, https:\/\/theblackfig.com\/wp-content\/uploads\/2016\/07\/Rezepte-mit-lokalen-Produkten-Italiens-1-200x300.png 200w, https:\/\/theblackfig.com\/wp-content\/uploads\/2016\/07\/Rezepte-mit-lokalen-Produkten-Italiens-1-300x450.png 300w\" sizes=\"(max-width: 680px) 100vw, 680px\" \/><\/p>\n","protected":false},"excerpt":{"rendered":"<p>Wenn Sie die italienische K\u00fcche kennenlernen m\u00f6chten, sind Sie hier am richtigen Ort. &#8222;Italienisch Kochen mit regionalen Produkten&#8220; ist die den regionalen, italienischen Qualit\u00e4tsprodukten (Lebensmitteln) gewidmete Rubrik, die Rezepte mit lokalen Produkten verzeichnet. Diese sind nur als Ratschl\u00e4ge zu verstehen, um diese Produkte aus der italienischen und v.a. toskanischen K\u00fcche n\u00e4her kennen und in der&#8230;<\/p>\n<p><a class=\"more-link\" href=\"https:\/\/theblackfig.com\/de\/italienisch-kochen-mit-regionalen-produkten\">Lesen<\/a><\/p>\n","protected":false},"author":2,"featured_media":3213,"parent":0,"menu_order":0,"comment_status":"closed","ping_status":"closed","template":"","meta":{"wprm-recipe-roundup-name":"","wprm-recipe-roundup-description":"","_genesis_hide_title":false,"_genesis_hide_breadcrumbs":false,"_genesis_hide_singular_image":false,"_genesis_hide_footer_widgets":false,"_genesis_custom_body_class":"","_genesis_custom_post_class":"","_genesis_layout":"","footnotes":""},"categories":[],"tags":[280,224],"class_list":{"0":"post-2505","1":"page","2":"type-page","3":"status-publish","4":"has-post-thumbnail","6":"tag-gga-und-gu-produkte","7":"tag-regionale-produkte","8":"entry"},"yoast_head":"<!-- This site is optimized with the Yoast SEO plugin v27.3 - https:\/\/yoast.com\/product\/yoast-seo-wordpress\/ -->\n<title>Italienisch Kochen mit regionalen Produkten | The Black Fig<\/title>\n<meta name=\"description\" content=\"Italienisch Kochen mit regionalen Produkten: Rezepte mit italienischen, regionalen Produkten, Rezepte mit lokalen Qualit\u00e4tsprodukte.\" \/>\n<meta name=\"robots\" content=\"index, follow, max-snippet:-1, max-image-preview:large, max-video-preview:-1\" \/>\n<link rel=\"canonical\" href=\"https:\/\/theblackfig.com\/de\/italienisch-kochen-mit-regionalen-produkten\" \/>\n<meta property=\"og:locale\" content=\"de_DE\" \/>\n<meta property=\"og:type\" content=\"article\" \/>\n<meta property=\"og:title\" content=\"Italienisch Kochen mit regionalen Produkten | The Black Fig\" \/>\n<meta property=\"og:description\" content=\"Italienisch Kochen mit regionalen Produkten: Rezepte mit italienischen, regionalen Produkten, Rezepte mit lokalen Qualit\u00e4tsprodukte.\" \/>\n<meta property=\"og:url\" content=\"https:\/\/theblackfig.com\/de\/italienisch-kochen-mit-regionalen-produkten\" \/>\n<meta property=\"og:site_name\" content=\"The Black Fig\" \/>\n<meta property=\"article:publisher\" content=\"https:\/\/www.facebook.com\/TheBlackFig\/\" \/>\n<meta property=\"article:modified_time\" content=\"2025-05-23T15:32:43+00:00\" \/>\n<meta property=\"og:image\" content=\"https:\/\/theblackfig.com\/wp-content\/uploads\/2016\/07\/g\u00fctezeichen.png\" \/>\n\t<meta property=\"og:image:width\" content=\"700\" \/>\n\t<meta property=\"og:image:height\" content=\"700\" \/>\n\t<meta property=\"og:image:type\" content=\"image\/png\" \/>\n<meta name=\"twitter:card\" content=\"summary_large_image\" \/>\n<meta name=\"twitter:site\" content=\"@TheBlackFig\" \/>\n<meta name=\"twitter:label1\" content=\"Gesch\u00e4tzte Lesezeit\" \/>\n\t<meta name=\"twitter:data1\" content=\"5\u00a0Minuten\" \/>\n<script type=\"application\/ld+json\" class=\"yoast-schema-graph\">{\"@context\":\"https:\\\/\\\/schema.org\",\"@graph\":[{\"@type\":[\"Article\",\"BlogPosting\"],\"@id\":\"https:\\\/\\\/theblackfig.com\\\/de\\\/italienisch-kochen-mit-regionalen-produkten#article\",\"isPartOf\":{\"@id\":\"https:\\\/\\\/theblackfig.com\\\/de\\\/italienisch-kochen-mit-regionalen-produkten\"},\"author\":{\"name\":\"Francesca\",\"@id\":\"https:\\\/\\\/theblackfig.com\\\/de#\\\/schema\\\/person\\\/33b5b6cd55d9673fcce068864afa9559\"},\"headline\":\"Italienisch Kochen mit regionalen Produkten\",\"datePublished\":\"2016-08-10T14:41:28+00:00\",\"dateModified\":\"2025-05-23T15:32:43+00:00\",\"mainEntityOfPage\":{\"@id\":\"https:\\\/\\\/theblackfig.com\\\/de\\\/italienisch-kochen-mit-regionalen-produkten\"},\"wordCount\":923,\"publisher\":{\"@id\":\"https:\\\/\\\/theblackfig.com\\\/de#\\\/schema\\\/person\\\/33b5b6cd55d9673fcce068864afa9559\"},\"image\":{\"@id\":\"https:\\\/\\\/theblackfig.com\\\/de\\\/italienisch-kochen-mit-regionalen-produkten#primaryimage\"},\"thumbnailUrl\":\"https:\\\/\\\/theblackfig.com\\\/wp-content\\\/uploads\\\/2016\\\/07\\\/g\u00fctezeichen.png\",\"keywords\":[\"ggA und gU Produkte\",\"Regionale Produkte\"],\"inLanguage\":\"de\"},{\"@type\":\"WebPage\",\"@id\":\"https:\\\/\\\/theblackfig.com\\\/de\\\/italienisch-kochen-mit-regionalen-produkten\",\"url\":\"https:\\\/\\\/theblackfig.com\\\/de\\\/italienisch-kochen-mit-regionalen-produkten\",\"name\":\"Italienisch Kochen mit regionalen Produkten | The Black Fig\",\"isPartOf\":{\"@id\":\"https:\\\/\\\/theblackfig.com\\\/de#website\"},\"primaryImageOfPage\":{\"@id\":\"https:\\\/\\\/theblackfig.com\\\/de\\\/italienisch-kochen-mit-regionalen-produkten#primaryimage\"},\"image\":{\"@id\":\"https:\\\/\\\/theblackfig.com\\\/de\\\/italienisch-kochen-mit-regionalen-produkten#primaryimage\"},\"thumbnailUrl\":\"https:\\\/\\\/theblackfig.com\\\/wp-content\\\/uploads\\\/2016\\\/07\\\/g\u00fctezeichen.png\",\"datePublished\":\"2016-08-10T14:41:28+00:00\",\"dateModified\":\"2025-05-23T15:32:43+00:00\",\"description\":\"Italienisch Kochen mit regionalen Produkten: Rezepte mit italienischen, regionalen Produkten, Rezepte mit lokalen Qualit\u00e4tsprodukte.\",\"breadcrumb\":{\"@id\":\"https:\\\/\\\/theblackfig.com\\\/de\\\/italienisch-kochen-mit-regionalen-produkten#breadcrumb\"},\"inLanguage\":\"de\",\"potentialAction\":[{\"@type\":\"ReadAction\",\"target\":[\"https:\\\/\\\/theblackfig.com\\\/de\\\/italienisch-kochen-mit-regionalen-produkten\"]}]},{\"@type\":\"ImageObject\",\"inLanguage\":\"de\",\"@id\":\"https:\\\/\\\/theblackfig.com\\\/de\\\/italienisch-kochen-mit-regionalen-produkten#primaryimage\",\"url\":\"https:\\\/\\\/theblackfig.com\\\/wp-content\\\/uploads\\\/2016\\\/07\\\/g\u00fctezeichen.png\",\"contentUrl\":\"https:\\\/\\\/theblackfig.com\\\/wp-content\\\/uploads\\\/2016\\\/07\\\/g\u00fctezeichen.png\",\"width\":700,\"height\":700,\"caption\":\"Italienisch Kochen mit regionalen Produkten\"},{\"@type\":\"BreadcrumbList\",\"@id\":\"https:\\\/\\\/theblackfig.com\\\/de\\\/italienisch-kochen-mit-regionalen-produkten#breadcrumb\",\"itemListElement\":[{\"@type\":\"ListItem\",\"position\":1,\"name\":\"Home\",\"item\":\"https:\\\/\\\/theblackfig.com\\\/de\"},{\"@type\":\"ListItem\",\"position\":2,\"name\":\"Italienisch Kochen mit regionalen Produkten\"}]},{\"@type\":\"WebSite\",\"@id\":\"https:\\\/\\\/theblackfig.com\\\/de#website\",\"url\":\"https:\\\/\\\/theblackfig.com\\\/de\",\"name\":\"The Black Fig Food\",\"description\":\"Authentisch italienisch kochen, Italienische Rezepte, Regionale K\u00fcche\",\"publisher\":{\"@id\":\"https:\\\/\\\/theblackfig.com\\\/de#\\\/schema\\\/person\\\/33b5b6cd55d9673fcce068864afa9559\"},\"potentialAction\":[{\"@type\":\"SearchAction\",\"target\":{\"@type\":\"EntryPoint\",\"urlTemplate\":\"https:\\\/\\\/theblackfig.com\\\/de?s={search_term_string}\"},\"query-input\":{\"@type\":\"PropertyValueSpecification\",\"valueRequired\":true,\"valueName\":\"search_term_string\"}}],\"inLanguage\":\"de\"},{\"@type\":[\"Person\",\"Organization\"],\"@id\":\"https:\\\/\\\/theblackfig.com\\\/de#\\\/schema\\\/person\\\/33b5b6cd55d9673fcce068864afa9559\",\"name\":\"Francesca\",\"image\":{\"@type\":\"ImageObject\",\"inLanguage\":\"de\",\"@id\":\"https:\\\/\\\/theblackfig.com\\\/wp-content\\\/uploads\\\/2019\\\/07\\\/vinessum-bw.jpg\",\"url\":\"https:\\\/\\\/theblackfig.com\\\/wp-content\\\/uploads\\\/2019\\\/07\\\/vinessum-bw.jpg\",\"contentUrl\":\"https:\\\/\\\/theblackfig.com\\\/wp-content\\\/uploads\\\/2019\\\/07\\\/vinessum-bw.jpg\",\"width\":1178,\"height\":1220,\"caption\":\"Francesca\"},\"logo\":{\"@id\":\"https:\\\/\\\/theblackfig.com\\\/wp-content\\\/uploads\\\/2019\\\/07\\\/vinessum-bw.jpg\"},\"sameAs\":[\"https:\\\/\\\/www.facebook.com\\\/TheBlackFig\\\/\",\"https:\\\/\\\/www.instagram.com\\\/TheBlackFig\\\/\",\"https:\\\/\\\/www.linkedin.com\\\/in\\\/ffantoni\\\/\",\"https:\\\/\\\/it.pinterest.com\\\/theblackfig\\\/\"]}]}<\/script>\n<!-- \/ Yoast SEO plugin. -->","yoast_head_json":{"title":"Italienisch Kochen mit regionalen Produkten | The Black Fig","description":"Italienisch Kochen mit regionalen Produkten: Rezepte mit italienischen, regionalen Produkten, Rezepte mit lokalen Qualit\u00e4tsprodukte.","robots":{"index":"index","follow":"follow","max-snippet":"max-snippet:-1","max-image-preview":"max-image-preview:large","max-video-preview":"max-video-preview:-1"},"canonical":"https:\/\/theblackfig.com\/de\/italienisch-kochen-mit-regionalen-produkten","og_locale":"de_DE","og_type":"article","og_title":"Italienisch Kochen mit regionalen Produkten | The Black Fig","og_description":"Italienisch Kochen mit regionalen Produkten: Rezepte mit italienischen, regionalen Produkten, Rezepte mit lokalen Qualit\u00e4tsprodukte.","og_url":"https:\/\/theblackfig.com\/de\/italienisch-kochen-mit-regionalen-produkten","og_site_name":"The Black Fig","article_publisher":"https:\/\/www.facebook.com\/TheBlackFig\/","article_modified_time":"2025-05-23T15:32:43+00:00","og_image":[{"width":700,"height":700,"url":"https:\/\/theblackfig.com\/wp-content\/uploads\/2016\/07\/g\u00fctezeichen.png","type":"image\/png"}],"twitter_card":"summary_large_image","twitter_site":"@TheBlackFig","twitter_misc":{"Gesch\u00e4tzte Lesezeit":"5\u00a0Minuten"},"schema":{"@context":"https:\/\/schema.org","@graph":[{"@type":["Article","BlogPosting"],"@id":"https:\/\/theblackfig.com\/de\/italienisch-kochen-mit-regionalen-produkten#article","isPartOf":{"@id":"https:\/\/theblackfig.com\/de\/italienisch-kochen-mit-regionalen-produkten"},"author":{"name":"Francesca","@id":"https:\/\/theblackfig.com\/de#\/schema\/person\/33b5b6cd55d9673fcce068864afa9559"},"headline":"Italienisch Kochen mit regionalen Produkten","datePublished":"2016-08-10T14:41:28+00:00","dateModified":"2025-05-23T15:32:43+00:00","mainEntityOfPage":{"@id":"https:\/\/theblackfig.com\/de\/italienisch-kochen-mit-regionalen-produkten"},"wordCount":923,"publisher":{"@id":"https:\/\/theblackfig.com\/de#\/schema\/person\/33b5b6cd55d9673fcce068864afa9559"},"image":{"@id":"https:\/\/theblackfig.com\/de\/italienisch-kochen-mit-regionalen-produkten#primaryimage"},"thumbnailUrl":"https:\/\/theblackfig.com\/wp-content\/uploads\/2016\/07\/g\u00fctezeichen.png","keywords":["ggA und gU Produkte","Regionale Produkte"],"inLanguage":"de"},{"@type":"WebPage","@id":"https:\/\/theblackfig.com\/de\/italienisch-kochen-mit-regionalen-produkten","url":"https:\/\/theblackfig.com\/de\/italienisch-kochen-mit-regionalen-produkten","name":"Italienisch Kochen mit regionalen Produkten | The Black Fig","isPartOf":{"@id":"https:\/\/theblackfig.com\/de#website"},"primaryImageOfPage":{"@id":"https:\/\/theblackfig.com\/de\/italienisch-kochen-mit-regionalen-produkten#primaryimage"},"image":{"@id":"https:\/\/theblackfig.com\/de\/italienisch-kochen-mit-regionalen-produkten#primaryimage"},"thumbnailUrl":"https:\/\/theblackfig.com\/wp-content\/uploads\/2016\/07\/g\u00fctezeichen.png","datePublished":"2016-08-10T14:41:28+00:00","dateModified":"2025-05-23T15:32:43+00:00","description":"Italienisch Kochen mit regionalen Produkten: Rezepte mit italienischen, regionalen Produkten, Rezepte mit lokalen Qualit\u00e4tsprodukte.","breadcrumb":{"@id":"https:\/\/theblackfig.com\/de\/italienisch-kochen-mit-regionalen-produkten#breadcrumb"},"inLanguage":"de","potentialAction":[{"@type":"ReadAction","target":["https:\/\/theblackfig.com\/de\/italienisch-kochen-mit-regionalen-produkten"]}]},{"@type":"ImageObject","inLanguage":"de","@id":"https:\/\/theblackfig.com\/de\/italienisch-kochen-mit-regionalen-produkten#primaryimage","url":"https:\/\/theblackfig.com\/wp-content\/uploads\/2016\/07\/g\u00fctezeichen.png","contentUrl":"https:\/\/theblackfig.com\/wp-content\/uploads\/2016\/07\/g\u00fctezeichen.png","width":700,"height":700,"caption":"Italienisch Kochen mit regionalen Produkten"},{"@type":"BreadcrumbList","@id":"https:\/\/theblackfig.com\/de\/italienisch-kochen-mit-regionalen-produkten#breadcrumb","itemListElement":[{"@type":"ListItem","position":1,"name":"Home","item":"https:\/\/theblackfig.com\/de"},{"@type":"ListItem","position":2,"name":"Italienisch Kochen mit regionalen Produkten"}]},{"@type":"WebSite","@id":"https:\/\/theblackfig.com\/de#website","url":"https:\/\/theblackfig.com\/de","name":"The Black Fig Food","description":"Authentisch italienisch kochen, Italienische Rezepte, Regionale K\u00fcche","publisher":{"@id":"https:\/\/theblackfig.com\/de#\/schema\/person\/33b5b6cd55d9673fcce068864afa9559"},"potentialAction":[{"@type":"SearchAction","target":{"@type":"EntryPoint","urlTemplate":"https:\/\/theblackfig.com\/de?s={search_term_string}"},"query-input":{"@type":"PropertyValueSpecification","valueRequired":true,"valueName":"search_term_string"}}],"inLanguage":"de"},{"@type":["Person","Organization"],"@id":"https:\/\/theblackfig.com\/de#\/schema\/person\/33b5b6cd55d9673fcce068864afa9559","name":"Francesca","image":{"@type":"ImageObject","inLanguage":"de","@id":"https:\/\/theblackfig.com\/wp-content\/uploads\/2019\/07\/vinessum-bw.jpg","url":"https:\/\/theblackfig.com\/wp-content\/uploads\/2019\/07\/vinessum-bw.jpg","contentUrl":"https:\/\/theblackfig.com\/wp-content\/uploads\/2019\/07\/vinessum-bw.jpg","width":1178,"height":1220,"caption":"Francesca"},"logo":{"@id":"https:\/\/theblackfig.com\/wp-content\/uploads\/2019\/07\/vinessum-bw.jpg"},"sameAs":["https:\/\/www.facebook.com\/TheBlackFig\/","https:\/\/www.instagram.com\/TheBlackFig\/","https:\/\/www.linkedin.com\/in\/ffantoni\/","https:\/\/it.pinterest.com\/theblackfig\/"]}]}},"_links":{"self":[{"href":"https:\/\/theblackfig.com\/de\/wp-json\/wp\/v2\/pages\/2505","targetHints":{"allow":["GET"]}}],"collection":[{"href":"https:\/\/theblackfig.com\/de\/wp-json\/wp\/v2\/pages"}],"about":[{"href":"https:\/\/theblackfig.com\/de\/wp-json\/wp\/v2\/types\/page"}],"author":[{"embeddable":true,"href":"https:\/\/theblackfig.com\/de\/wp-json\/wp\/v2\/users\/2"}],"replies":[{"embeddable":true,"href":"https:\/\/theblackfig.com\/de\/wp-json\/wp\/v2\/comments?post=2505"}],"version-history":[{"count":0,"href":"https:\/\/theblackfig.com\/de\/wp-json\/wp\/v2\/pages\/2505\/revisions"}],"wp:featuredmedia":[{"embeddable":true,"href":"https:\/\/theblackfig.com\/de\/wp-json\/wp\/v2\/media\/3213"}],"wp:attachment":[{"href":"https:\/\/theblackfig.com\/de\/wp-json\/wp\/v2\/media?parent=2505"}],"wp:term":[{"taxonomy":"category","embeddable":true,"href":"https:\/\/theblackfig.com\/de\/wp-json\/wp\/v2\/categories?post=2505"},{"taxonomy":"post_tag","embeddable":true,"href":"https:\/\/theblackfig.com\/de\/wp-json\/wp\/v2\/tags?post=2505"}],"curies":[{"name":"wp","href":"https:\/\/api.w.org\/{rel}","templated":true}]}}