{"id":2674,"date":"2018-05-18T10:56:55","date_gmt":"2018-05-18T08:56:55","guid":{"rendered":"http:\/\/theblackfig.com\/de\/?page_id=2674"},"modified":"2024-11-12T17:21:07","modified_gmt":"2024-11-12T16:21:07","slug":"impressum","status":"publish","type":"page","link":"https:\/\/theblackfig.com\/de\/impressum","title":{"rendered":"Impressum"},"content":{"rendered":"<h3><span class=\"ez-toc-section\" id=\"Angaben_gemaess_%C2%A7_5_TMG\"><\/span>Angaben gem\u00e4\u00df \u00a7 5 TMG<span class=\"ez-toc-section-end\"><\/span><\/h3>\n<p>Dr. Francesca Fantoni, Via S. Martino, 20, 56032 Pisa (PI)<\/p>\n<h3><span class=\"ez-toc-section\" id=\"Kontakt\"><\/span>Kontakt<span class=\"ez-toc-section-end\"><\/span><\/h3>\n<p>Email: fran {at} theblackfig.com<\/p><div id=\"ez-toc-container\" class=\"ez-toc-v2_0_82_2 counter-hierarchy ez-toc-counter ez-toc-custom ez-toc-container-direction\">\n<div class=\"ez-toc-title-container\">\n<p class=\"ez-toc-title ez-toc-toggle\" style=\"cursor:pointer\">Inhaltsverzeichnis<\/p>\n<span class=\"ez-toc-title-toggle\"><a href=\"#\" class=\"ez-toc-pull-right ez-toc-btn ez-toc-btn-xs ez-toc-btn-default ez-toc-toggle\" aria-label=\"Toggle Table of Content\"><span class=\"ez-toc-js-icon-con\"><span class=\"\"><span class=\"eztoc-hide\" style=\"display:none;\">Toggle<\/span><span class=\"ez-toc-icon-toggle-span\"><svg style=\"fill: #333333;color:#333333\" xmlns=\"http:\/\/www.w3.org\/2000\/svg\" class=\"list-377408\" width=\"20px\" height=\"20px\" viewBox=\"0 0 24 24\" fill=\"none\"><path d=\"M6 6H4v2h2V6zm14 0H8v2h12V6zM4 11h2v2H4v-2zm16 0H8v2h12v-2zM4 16h2v2H4v-2zm16 0H8v2h12v-2z\" fill=\"currentColor\"><\/path><\/svg><svg style=\"fill: #333333;color:#333333\" class=\"arrow-unsorted-368013\" xmlns=\"http:\/\/www.w3.org\/2000\/svg\" width=\"10px\" height=\"10px\" viewBox=\"0 0 24 24\" version=\"1.2\" baseProfile=\"tiny\"><path d=\"M18.2 9.3l-6.2-6.3-6.2 6.3c-.2.2-.3.4-.3.7s.1.5.3.7c.2.2.4.3.7.3h11c.3 0 .5-.1.7-.3.2-.2.3-.5.3-.7s-.1-.5-.3-.7zM5.8 14.7l6.2 6.3 6.2-6.3c.2-.2.3-.5.3-.7s-.1-.5-.3-.7c-.2-.2-.4-.3-.7-.3h-11c-.3 0-.5.1-.7.3-.2.2-.3.5-.3.7s.1.5.3.7z\"\/><\/svg><\/span><\/span><\/span><\/a><\/span><\/div>\n<nav><ul class='ez-toc-list ez-toc-list-level-1 eztoc-toggle-hide-by-default' ><li class='ez-toc-page-1 ez-toc-heading-level-3'><a class=\"ez-toc-link ez-toc-heading-1\" href=\"https:\/\/theblackfig.com\/de\/impressum\/#Angaben_gemaess_%C2%A7_5_TMG\" >Angaben gem\u00e4\u00df \u00a7 5 TMG<\/a><\/li><li class='ez-toc-page-1 ez-toc-heading-level-3'><a class=\"ez-toc-link ez-toc-heading-2\" href=\"https:\/\/theblackfig.com\/de\/impressum\/#Kontakt\" >Kontakt<\/a><\/li><li class='ez-toc-page-1 ez-toc-heading-level-3'><a class=\"ez-toc-link ez-toc-heading-3\" href=\"https:\/\/theblackfig.com\/de\/impressum\/#Haftung_fuer_Inhalte\" >Haftung f\u00fcr Inhalte<\/a><\/li><li class='ez-toc-page-1 ez-toc-heading-level-3'><a class=\"ez-toc-link ez-toc-heading-4\" href=\"https:\/\/theblackfig.com\/de\/impressum\/#Haftung_fuer_Links\" >Haftung f\u00fcr Links<\/a><\/li><li class='ez-toc-page-1 ez-toc-heading-level-3'><a class=\"ez-toc-link ez-toc-heading-5\" href=\"https:\/\/theblackfig.com\/de\/impressum\/#Urheberrecht\" >Urheberrecht<\/a><\/li><\/ul><\/nav><\/div>\n\n<h3><span class=\"ez-toc-section\" id=\"Haftung_fuer_Inhalte\"><\/span>Haftung f\u00fcr Inhalte<span class=\"ez-toc-section-end\"><\/span><\/h3>\n<p>Als Diensteanbieter sind wir gem\u00e4\u00df \u00a7 7 Abs.1 TMG f\u00fcr eigene Inhalte auf diesen Seiten nach den allgemeinen Gesetzen verantwortlich. Nach \u00a7\u00a7 8 bis 10 TMG sind wir als Diensteanbieter jedoch nicht verpflichtet, \u00fcbermittelte oder gespeicherte fremde Informationen zu \u00fcberwachen oder nach Umst\u00e4nden zu forschen, die auf eine rechtswidrige T\u00e4tigkeit hinweisen. Verpflichtungen zur Entfernung oder Sperrung der Nutzung von Informationen nach den allgemeinen Gesetzen bleiben hiervon unber\u00fchrt. Eine diesbez\u00fcgliche Haftung ist jedoch erst ab dem Zeitpunkt der Kenntnis einer konkreten Rechtsverletzung m\u00f6glich. Bei Bekanntwerden von entsprechenden Rechtsverletzungen werden diese Inhalte umgehend entfernen.<\/p>\n<p>F\u00fcr den Inhalt eines Kommentars ist ausschlie\u00dflich der Kommentarautor selbst verantwortlich. Als Inhaber dieses Blogs behalte mir vor, jederzeit einzelne Kommentare nicht zu ver\u00f6ffentlichen oder aber zu l\u00f6schen. F\u00fcr den Inhalt verlinkter Seiten sind ausschlie\u00dflich deren Betreiber verantwortlich. Ich \u00fcbernehme keine Haftung f\u00fcr die Inhalte externer Links.<\/p>\n<h3><span class=\"ez-toc-section\" id=\"Haftung_fuer_Links\"><\/span>Haftung f\u00fcr Links<span class=\"ez-toc-section-end\"><\/span><\/h3>\n<p>Das Angebot enth\u00e4lt Links zu externen Websites Dritter, auf deren Inhalte wir keinen Einfluss haben. Deshalb wird keine Gew\u00e4hr f\u00fcr diese fremden Inhalte \u00fcbernommen. F\u00fcr die Inhalte der verlinkten Seiten ist stets der jeweilige Anbieter oder Betreiber der Seiten verantwortlich. Die verlinkten Seiten wurden zum Zeitpunkt der Verlinkung auf m\u00f6gliche Rechtsverst\u00f6\u00dfe \u00fcberpr\u00fcft. Rechtswidrige Inhalte waren zum Zeitpunkt der Verlinkung nicht erkennbar. Eine permanente inhaltliche Kontrolle der verlinkten Seiten ist jedoch ohne konkrete Anhaltspunkte einer<br \/>\nRechtsverletzung nicht zumutbar. Bei Bekanntwerden von Rechtsverletzungen werden wir derartige Links umgehend entfernen.<\/p>\n<h3><span class=\"ez-toc-section\" id=\"Urheberrecht\"><\/span>Urheberrecht<span class=\"ez-toc-section-end\"><\/span><\/h3>\n<p>Die Vervielf\u00e4ltigung, Bearbeitung, Verbreitung und jede Art der Verwertung au\u00dferhalb der Grenzen des Urheberrechtes bed\u00fcrfen der schriftlichen Zustimmung des jeweiligen Autors bzw. Erstellers. Downloads und Kopien dieser Seite sind nur f\u00fcr den privaten, nicht kommerziellen Gebrauch gestattet.<\/p>\n<p>Soweit die Inhalte auf dieser Seite nicht vom Betreiber erstellt wurden, werden die Urheberrechte Dritter beachtet. Insbesondere werden Inhalte Dritter als solche gekennzeichnet. Sollten Sie trotzdem auf eine Urheberrechtsverletzung aufmerksam werden, bitten wir um einen entsprechenden Hinweis. Bei Bekanntwerden von Rechtsverletzungen werden wir derartige Inhalte umgehend entfernen.<\/p>\n<p>Die Inhalte meines Blogs sind, soweit nicht anders angegeben, mein Eigentum. Sie d\u00fcrfen ohne meine Zustimmung nicht kopiert oder anderwertig genutzt werden. Fotos und Texte d\u00fcrfen nur mit meinem schriftlichen Einverst\u00e4ndnis weiterverwendet werden. Anfragen diesbez\u00fcglich bitte an die o.a. e-Mail-Adresse.<\/p>\n<p>Quelle: Erstellt durch den Impressum-Generator von e-recht24.de f\u00fcr Privatpersonen.<\/p>\n","protected":false},"excerpt":{"rendered":"<p>Angaben gem\u00e4\u00df \u00a7 5 TMG Dr. Francesca Fantoni, Via S. Martino, 20, 56032 Pisa (PI) Kontakt Email: fran {at} theblackfig.com Haftung f\u00fcr Inhalte Als Diensteanbieter sind wir gem\u00e4\u00df \u00a7 7 Abs.1 TMG f\u00fcr eigene Inhalte auf diesen Seiten nach den allgemeinen Gesetzen verantwortlich. Nach \u00a7\u00a7 8 bis 10 TMG sind wir als Diensteanbieter jedoch nicht&#8230;<\/p>\n<p><a class=\"more-link\" href=\"https:\/\/theblackfig.com\/de\/impressum\">Lesen<\/a><\/p>\n","protected":false},"author":2,"featured_media":0,"parent":0,"menu_order":0,"comment_status":"closed","ping_status":"closed","template":"","meta":{"wprm-recipe-roundup-name":"","wprm-recipe-roundup-description":"","_genesis_hide_title":false,"_genesis_hide_breadcrumbs":false,"_genesis_hide_singular_image":false,"_genesis_hide_footer_widgets":false,"_genesis_custom_body_class":"","_genesis_custom_post_class":"","_genesis_layout":"","footnotes":""},"categories":[],"tags":[],"class_list":{"0":"post-2674","1":"page","2":"type-page","3":"status-publish","5":"entry"},"yoast_head":"<!-- This site is optimized with the Yoast SEO plugin v27.3 - https:\/\/yoast.com\/product\/yoast-seo-wordpress\/ -->\n<title>Impressum | The Black Fig<\/title>\n<meta name=\"description\" content=\"Impressum g\u00fcltig auf diesem Blog.\" \/>\n<meta name=\"robots\" content=\"index, follow, max-snippet:-1, max-image-preview:large, max-video-preview:-1\" \/>\n<link rel=\"canonical\" href=\"https:\/\/theblackfig.com\/de\/impressum\" \/>\n<meta property=\"og:locale\" content=\"de_DE\" \/>\n<meta property=\"og:type\" content=\"article\" \/>\n<meta property=\"og:title\" content=\"Impressum | The Black Fig\" \/>\n<meta property=\"og:description\" content=\"Impressum g\u00fcltig auf diesem Blog.\" \/>\n<meta property=\"og:url\" content=\"https:\/\/theblackfig.com\/de\/impressum\" \/>\n<meta property=\"og:site_name\" content=\"The Black Fig\" \/>\n<meta property=\"article:publisher\" content=\"https:\/\/www.facebook.com\/TheBlackFig\/\" \/>\n<meta property=\"article:modified_time\" content=\"2024-11-12T16:21:07+00:00\" \/>\n<meta property=\"og:image\" content=\"https:\/\/theblackfig.com\/wp-content\/uploads\/2019\/08\/theblackfig-FOOD-AND-WINE-ANARCHIST.jpg\" \/>\n\t<meta property=\"og:image:width\" content=\"600\" \/>\n\t<meta property=\"og:image:height\" content=\"600\" \/>\n\t<meta property=\"og:image:type\" content=\"image\/jpeg\" \/>\n<meta name=\"twitter:card\" content=\"summary_large_image\" \/>\n<meta name=\"twitter:site\" content=\"@TheBlackFig\" \/>\n<meta name=\"twitter:label1\" content=\"Gesch\u00e4tzte Lesezeit\" \/>\n\t<meta name=\"twitter:data1\" content=\"3\u00a0Minuten\" \/>\n<script type=\"application\/ld+json\" class=\"yoast-schema-graph\">{\"@context\":\"https:\\\/\\\/schema.org\",\"@graph\":[{\"@type\":[\"Article\",\"BlogPosting\"],\"@id\":\"https:\\\/\\\/theblackfig.com\\\/de\\\/impressum#article\",\"isPartOf\":{\"@id\":\"https:\\\/\\\/theblackfig.com\\\/de\\\/impressum\"},\"author\":{\"name\":\"Francesca\",\"@id\":\"https:\\\/\\\/theblackfig.com\\\/de#\\\/schema\\\/person\\\/33b5b6cd55d9673fcce068864afa9559\"},\"headline\":\"Impressum\",\"datePublished\":\"2018-05-18T08:56:55+00:00\",\"dateModified\":\"2024-11-12T16:21:07+00:00\",\"mainEntityOfPage\":{\"@id\":\"https:\\\/\\\/theblackfig.com\\\/de\\\/impressum\"},\"wordCount\":412,\"publisher\":{\"@id\":\"https:\\\/\\\/theblackfig.com\\\/de#\\\/schema\\\/person\\\/33b5b6cd55d9673fcce068864afa9559\"},\"inLanguage\":\"de\"},{\"@type\":\"WebPage\",\"@id\":\"https:\\\/\\\/theblackfig.com\\\/de\\\/impressum\",\"url\":\"https:\\\/\\\/theblackfig.com\\\/de\\\/impressum\",\"name\":\"Impressum | The Black Fig\",\"isPartOf\":{\"@id\":\"https:\\\/\\\/theblackfig.com\\\/de#website\"},\"datePublished\":\"2018-05-18T08:56:55+00:00\",\"dateModified\":\"2024-11-12T16:21:07+00:00\",\"description\":\"Impressum g\u00fcltig auf diesem Blog.\",\"breadcrumb\":{\"@id\":\"https:\\\/\\\/theblackfig.com\\\/de\\\/impressum#breadcrumb\"},\"inLanguage\":\"de\",\"potentialAction\":[{\"@type\":\"ReadAction\",\"target\":[\"https:\\\/\\\/theblackfig.com\\\/de\\\/impressum\"]}]},{\"@type\":\"BreadcrumbList\",\"@id\":\"https:\\\/\\\/theblackfig.com\\\/de\\\/impressum#breadcrumb\",\"itemListElement\":[{\"@type\":\"ListItem\",\"position\":1,\"name\":\"Home\",\"item\":\"https:\\\/\\\/theblackfig.com\\\/de\"},{\"@type\":\"ListItem\",\"position\":2,\"name\":\"Impressum\"}]},{\"@type\":\"WebSite\",\"@id\":\"https:\\\/\\\/theblackfig.com\\\/de#website\",\"url\":\"https:\\\/\\\/theblackfig.com\\\/de\",\"name\":\"The Black Fig Food\",\"description\":\"Authentisch italienisch kochen, Italienische Rezepte, Regionale K\u00fcche\",\"publisher\":{\"@id\":\"https:\\\/\\\/theblackfig.com\\\/de#\\\/schema\\\/person\\\/33b5b6cd55d9673fcce068864afa9559\"},\"potentialAction\":[{\"@type\":\"SearchAction\",\"target\":{\"@type\":\"EntryPoint\",\"urlTemplate\":\"https:\\\/\\\/theblackfig.com\\\/de?s={search_term_string}\"},\"query-input\":{\"@type\":\"PropertyValueSpecification\",\"valueRequired\":true,\"valueName\":\"search_term_string\"}}],\"inLanguage\":\"de\"},{\"@type\":[\"Person\",\"Organization\"],\"@id\":\"https:\\\/\\\/theblackfig.com\\\/de#\\\/schema\\\/person\\\/33b5b6cd55d9673fcce068864afa9559\",\"name\":\"Francesca\",\"image\":{\"@type\":\"ImageObject\",\"inLanguage\":\"de\",\"@id\":\"https:\\\/\\\/theblackfig.com\\\/wp-content\\\/uploads\\\/2019\\\/07\\\/vinessum-bw.jpg\",\"url\":\"https:\\\/\\\/theblackfig.com\\\/wp-content\\\/uploads\\\/2019\\\/07\\\/vinessum-bw.jpg\",\"contentUrl\":\"https:\\\/\\\/theblackfig.com\\\/wp-content\\\/uploads\\\/2019\\\/07\\\/vinessum-bw.jpg\",\"width\":1178,\"height\":1220,\"caption\":\"Francesca\"},\"logo\":{\"@id\":\"https:\\\/\\\/theblackfig.com\\\/wp-content\\\/uploads\\\/2019\\\/07\\\/vinessum-bw.jpg\"},\"sameAs\":[\"https:\\\/\\\/www.facebook.com\\\/TheBlackFig\\\/\",\"https:\\\/\\\/www.instagram.com\\\/TheBlackFig\\\/\",\"https:\\\/\\\/www.linkedin.com\\\/in\\\/ffantoni\\\/\",\"https:\\\/\\\/it.pinterest.com\\\/theblackfig\\\/\"]}]}<\/script>\n<!-- \/ Yoast SEO plugin. -->","yoast_head_json":{"title":"Impressum | The Black Fig","description":"Impressum g\u00fcltig auf diesem Blog.","robots":{"index":"index","follow":"follow","max-snippet":"max-snippet:-1","max-image-preview":"max-image-preview:large","max-video-preview":"max-video-preview:-1"},"canonical":"https:\/\/theblackfig.com\/de\/impressum","og_locale":"de_DE","og_type":"article","og_title":"Impressum | The Black Fig","og_description":"Impressum g\u00fcltig auf diesem Blog.","og_url":"https:\/\/theblackfig.com\/de\/impressum","og_site_name":"The Black Fig","article_publisher":"https:\/\/www.facebook.com\/TheBlackFig\/","article_modified_time":"2024-11-12T16:21:07+00:00","og_image":[{"width":600,"height":600,"url":"https:\/\/theblackfig.com\/wp-content\/uploads\/2019\/08\/theblackfig-FOOD-AND-WINE-ANARCHIST.jpg","type":"image\/jpeg"}],"twitter_card":"summary_large_image","twitter_site":"@TheBlackFig","twitter_misc":{"Gesch\u00e4tzte Lesezeit":"3\u00a0Minuten"},"schema":{"@context":"https:\/\/schema.org","@graph":[{"@type":["Article","BlogPosting"],"@id":"https:\/\/theblackfig.com\/de\/impressum#article","isPartOf":{"@id":"https:\/\/theblackfig.com\/de\/impressum"},"author":{"name":"Francesca","@id":"https:\/\/theblackfig.com\/de#\/schema\/person\/33b5b6cd55d9673fcce068864afa9559"},"headline":"Impressum","datePublished":"2018-05-18T08:56:55+00:00","dateModified":"2024-11-12T16:21:07+00:00","mainEntityOfPage":{"@id":"https:\/\/theblackfig.com\/de\/impressum"},"wordCount":412,"publisher":{"@id":"https:\/\/theblackfig.com\/de#\/schema\/person\/33b5b6cd55d9673fcce068864afa9559"},"inLanguage":"de"},{"@type":"WebPage","@id":"https:\/\/theblackfig.com\/de\/impressum","url":"https:\/\/theblackfig.com\/de\/impressum","name":"Impressum | The Black Fig","isPartOf":{"@id":"https:\/\/theblackfig.com\/de#website"},"datePublished":"2018-05-18T08:56:55+00:00","dateModified":"2024-11-12T16:21:07+00:00","description":"Impressum g\u00fcltig auf diesem Blog.","breadcrumb":{"@id":"https:\/\/theblackfig.com\/de\/impressum#breadcrumb"},"inLanguage":"de","potentialAction":[{"@type":"ReadAction","target":["https:\/\/theblackfig.com\/de\/impressum"]}]},{"@type":"BreadcrumbList","@id":"https:\/\/theblackfig.com\/de\/impressum#breadcrumb","itemListElement":[{"@type":"ListItem","position":1,"name":"Home","item":"https:\/\/theblackfig.com\/de"},{"@type":"ListItem","position":2,"name":"Impressum"}]},{"@type":"WebSite","@id":"https:\/\/theblackfig.com\/de#website","url":"https:\/\/theblackfig.com\/de","name":"The Black Fig Food","description":"Authentisch italienisch kochen, Italienische Rezepte, Regionale K\u00fcche","publisher":{"@id":"https:\/\/theblackfig.com\/de#\/schema\/person\/33b5b6cd55d9673fcce068864afa9559"},"potentialAction":[{"@type":"SearchAction","target":{"@type":"EntryPoint","urlTemplate":"https:\/\/theblackfig.com\/de?s={search_term_string}"},"query-input":{"@type":"PropertyValueSpecification","valueRequired":true,"valueName":"search_term_string"}}],"inLanguage":"de"},{"@type":["Person","Organization"],"@id":"https:\/\/theblackfig.com\/de#\/schema\/person\/33b5b6cd55d9673fcce068864afa9559","name":"Francesca","image":{"@type":"ImageObject","inLanguage":"de","@id":"https:\/\/theblackfig.com\/wp-content\/uploads\/2019\/07\/vinessum-bw.jpg","url":"https:\/\/theblackfig.com\/wp-content\/uploads\/2019\/07\/vinessum-bw.jpg","contentUrl":"https:\/\/theblackfig.com\/wp-content\/uploads\/2019\/07\/vinessum-bw.jpg","width":1178,"height":1220,"caption":"Francesca"},"logo":{"@id":"https:\/\/theblackfig.com\/wp-content\/uploads\/2019\/07\/vinessum-bw.jpg"},"sameAs":["https:\/\/www.facebook.com\/TheBlackFig\/","https:\/\/www.instagram.com\/TheBlackFig\/","https:\/\/www.linkedin.com\/in\/ffantoni\/","https:\/\/it.pinterest.com\/theblackfig\/"]}]}},"_links":{"self":[{"href":"https:\/\/theblackfig.com\/de\/wp-json\/wp\/v2\/pages\/2674","targetHints":{"allow":["GET"]}}],"collection":[{"href":"https:\/\/theblackfig.com\/de\/wp-json\/wp\/v2\/pages"}],"about":[{"href":"https:\/\/theblackfig.com\/de\/wp-json\/wp\/v2\/types\/page"}],"author":[{"embeddable":true,"href":"https:\/\/theblackfig.com\/de\/wp-json\/wp\/v2\/users\/2"}],"replies":[{"embeddable":true,"href":"https:\/\/theblackfig.com\/de\/wp-json\/wp\/v2\/comments?post=2674"}],"version-history":[{"count":0,"href":"https:\/\/theblackfig.com\/de\/wp-json\/wp\/v2\/pages\/2674\/revisions"}],"wp:attachment":[{"href":"https:\/\/theblackfig.com\/de\/wp-json\/wp\/v2\/media?parent=2674"}],"wp:term":[{"taxonomy":"category","embeddable":true,"href":"https:\/\/theblackfig.com\/de\/wp-json\/wp\/v2\/categories?post=2674"},{"taxonomy":"post_tag","embeddable":true,"href":"https:\/\/theblackfig.com\/de\/wp-json\/wp\/v2\/tags?post=2674"}],"curies":[{"name":"wp","href":"https:\/\/api.w.org\/{rel}","templated":true}]}}