{"id":2676,"date":"2016-08-08T16:56:13","date_gmt":"2016-08-08T14:56:13","guid":{"rendered":"http:\/\/theblackfig.com\/de\/?page_id=2676"},"modified":"2024-12-12T15:21:14","modified_gmt":"2024-12-12T14:21:14","slug":"datenschuetzerklaerung","status":"publish","type":"page","link":"https:\/\/theblackfig.com\/de\/datenschuetzerklaerung","title":{"rendered":"Datenschutzerkl\u00e4rung"},"content":{"rendered":"<p><a href=\"https:\/\/app.legalblink.it\/api\/documents\/6745a18c4c0db9001a7d574c\/privacy-policy-per-siti-web-o-e-commerce-de\" target=\"https:\/\/app.legalblink.it\/api\/documents\/6745a18c4c0db9001a7d574c\/privacy-policy-per-siti-web-o-e-commerce-de\">Datenschutzerkl\u00e4rung lesen.<\/a><\/p>\n","protected":false},"excerpt":{"rendered":"<p>Datenschutzerkl\u00e4rung lesen.<\/p>\n","protected":false},"author":2,"featured_media":0,"parent":0,"menu_order":0,"comment_status":"closed","ping_status":"closed","template":"","meta":{"wprm-recipe-roundup-name":"","wprm-recipe-roundup-description":"","_genesis_hide_title":false,"_genesis_hide_breadcrumbs":false,"_genesis_hide_singular_image":false,"_genesis_hide_footer_widgets":false,"_genesis_custom_body_class":"","_genesis_custom_post_class":"","_genesis_layout":"","footnotes":""},"categories":[],"tags":[],"class_list":{"0":"post-2676","1":"page","2":"type-page","3":"status-publish","5":"entry","6":"has-post-thumbnail"},"yoast_head":"<!-- This site is optimized with the Yoast SEO plugin v27.3 - https:\/\/yoast.com\/product\/yoast-seo-wordpress\/ -->\n<title>Datensch\u00fctzerkl\u00e4rung | The Black Fig<\/title>\n<meta name=\"description\" content=\"Here finden Sie die Datensch\u00fctzerkl\u00e4rung geltend auf diese Webseite. Sie finden Informationen \u00fcber Cookies und die Sammlung von Daten.\" \/>\n<meta name=\"robots\" content=\"index, follow, max-snippet:-1, max-image-preview:large, max-video-preview:-1\" \/>\n<link rel=\"canonical\" href=\"https:\/\/theblackfig.com\/de\/datenschuetzerklaerung\" \/>\n<meta property=\"og:locale\" content=\"de_DE\" \/>\n<meta property=\"og:type\" content=\"article\" \/>\n<meta property=\"og:title\" content=\"Datensch\u00fctzerkl\u00e4rung | The Black Fig\" \/>\n<meta property=\"og:description\" content=\"Here finden Sie die Datensch\u00fctzerkl\u00e4rung geltend auf diese Webseite. Sie finden Informationen \u00fcber Cookies und die Sammlung von Daten.\" \/>\n<meta property=\"og:url\" content=\"https:\/\/theblackfig.com\/de\/datenschuetzerklaerung\" \/>\n<meta property=\"og:site_name\" content=\"The Black Fig\" \/>\n<meta property=\"article:publisher\" content=\"https:\/\/www.facebook.com\/TheBlackFig\/\" \/>\n<meta property=\"article:modified_time\" content=\"2024-12-12T14:21:14+00:00\" \/>\n<meta property=\"og:image\" content=\"https:\/\/theblackfig.com\/wp-content\/uploads\/2019\/08\/theblackfig-FOOD-AND-WINE-ANARCHIST.jpg\" \/>\n\t<meta property=\"og:image:width\" content=\"600\" \/>\n\t<meta property=\"og:image:height\" content=\"600\" \/>\n\t<meta property=\"og:image:type\" content=\"image\/jpeg\" \/>\n<meta name=\"twitter:card\" content=\"summary_large_image\" \/>\n<meta name=\"twitter:site\" content=\"@TheBlackFig\" \/>\n<meta name=\"twitter:label1\" content=\"Gesch\u00e4tzte Lesezeit\" \/>\n\t<meta name=\"twitter:data1\" content=\"1\u00a0Minute\" \/>\n<script type=\"application\/ld+json\" class=\"yoast-schema-graph\">{\"@context\":\"https:\\\/\\\/schema.org\",\"@graph\":[{\"@type\":[\"Article\",\"BlogPosting\"],\"@id\":\"https:\\\/\\\/theblackfig.com\\\/de\\\/datenschuetzerklaerung#article\",\"isPartOf\":{\"@id\":\"https:\\\/\\\/theblackfig.com\\\/de\\\/datenschuetzerklaerung\"},\"author\":{\"name\":\"Francesca\",\"@id\":\"https:\\\/\\\/theblackfig.com\\\/de#\\\/schema\\\/person\\\/33b5b6cd55d9673fcce068864afa9559\"},\"headline\":\"Datenschutzerkl\u00e4rung\",\"datePublished\":\"2016-08-08T14:56:13+00:00\",\"dateModified\":\"2024-12-12T14:21:14+00:00\",\"mainEntityOfPage\":{\"@id\":\"https:\\\/\\\/theblackfig.com\\\/de\\\/datenschuetzerklaerung\"},\"wordCount\":5,\"publisher\":{\"@id\":\"https:\\\/\\\/theblackfig.com\\\/de#\\\/schema\\\/person\\\/33b5b6cd55d9673fcce068864afa9559\"},\"inLanguage\":\"de\"},{\"@type\":\"WebPage\",\"@id\":\"https:\\\/\\\/theblackfig.com\\\/de\\\/datenschuetzerklaerung\",\"url\":\"https:\\\/\\\/theblackfig.com\\\/de\\\/datenschuetzerklaerung\",\"name\":\"Datensch\u00fctzerkl\u00e4rung | The Black Fig\",\"isPartOf\":{\"@id\":\"https:\\\/\\\/theblackfig.com\\\/de#website\"},\"datePublished\":\"2016-08-08T14:56:13+00:00\",\"dateModified\":\"2024-12-12T14:21:14+00:00\",\"description\":\"Here finden Sie die Datensch\u00fctzerkl\u00e4rung geltend auf diese Webseite. Sie finden Informationen \u00fcber Cookies und die Sammlung von Daten.\",\"breadcrumb\":{\"@id\":\"https:\\\/\\\/theblackfig.com\\\/de\\\/datenschuetzerklaerung#breadcrumb\"},\"inLanguage\":\"de\",\"potentialAction\":[{\"@type\":\"ReadAction\",\"target\":[\"https:\\\/\\\/theblackfig.com\\\/de\\\/datenschuetzerklaerung\"]}]},{\"@type\":\"BreadcrumbList\",\"@id\":\"https:\\\/\\\/theblackfig.com\\\/de\\\/datenschuetzerklaerung#breadcrumb\",\"itemListElement\":[{\"@type\":\"ListItem\",\"position\":1,\"name\":\"Home\",\"item\":\"https:\\\/\\\/theblackfig.com\\\/de\"},{\"@type\":\"ListItem\",\"position\":2,\"name\":\"Datenschutzerkl\u00e4rung\"}]},{\"@type\":\"WebSite\",\"@id\":\"https:\\\/\\\/theblackfig.com\\\/de#website\",\"url\":\"https:\\\/\\\/theblackfig.com\\\/de\",\"name\":\"The Black Fig Food\",\"description\":\"Authentisch italienisch kochen, Italienische Rezepte, Regionale K\u00fcche\",\"publisher\":{\"@id\":\"https:\\\/\\\/theblackfig.com\\\/de#\\\/schema\\\/person\\\/33b5b6cd55d9673fcce068864afa9559\"},\"potentialAction\":[{\"@type\":\"SearchAction\",\"target\":{\"@type\":\"EntryPoint\",\"urlTemplate\":\"https:\\\/\\\/theblackfig.com\\\/de?s={search_term_string}\"},\"query-input\":{\"@type\":\"PropertyValueSpecification\",\"valueRequired\":true,\"valueName\":\"search_term_string\"}}],\"inLanguage\":\"de\"},{\"@type\":[\"Person\",\"Organization\"],\"@id\":\"https:\\\/\\\/theblackfig.com\\\/de#\\\/schema\\\/person\\\/33b5b6cd55d9673fcce068864afa9559\",\"name\":\"Francesca\",\"image\":{\"@type\":\"ImageObject\",\"inLanguage\":\"de\",\"@id\":\"https:\\\/\\\/theblackfig.com\\\/wp-content\\\/uploads\\\/2019\\\/07\\\/vinessum-bw.jpg\",\"url\":\"https:\\\/\\\/theblackfig.com\\\/wp-content\\\/uploads\\\/2019\\\/07\\\/vinessum-bw.jpg\",\"contentUrl\":\"https:\\\/\\\/theblackfig.com\\\/wp-content\\\/uploads\\\/2019\\\/07\\\/vinessum-bw.jpg\",\"width\":1178,\"height\":1220,\"caption\":\"Francesca\"},\"logo\":{\"@id\":\"https:\\\/\\\/theblackfig.com\\\/wp-content\\\/uploads\\\/2019\\\/07\\\/vinessum-bw.jpg\"},\"sameAs\":[\"https:\\\/\\\/www.facebook.com\\\/TheBlackFig\\\/\",\"https:\\\/\\\/www.instagram.com\\\/TheBlackFig\\\/\",\"https:\\\/\\\/www.linkedin.com\\\/in\\\/ffantoni\\\/\",\"https:\\\/\\\/it.pinterest.com\\\/theblackfig\\\/\"]}]}<\/script>\n<!-- \/ Yoast SEO plugin. -->","yoast_head_json":{"title":"Datensch\u00fctzerkl\u00e4rung | The Black Fig","description":"Here finden Sie die Datensch\u00fctzerkl\u00e4rung geltend auf diese Webseite. Sie finden Informationen \u00fcber Cookies und die Sammlung von Daten.","robots":{"index":"index","follow":"follow","max-snippet":"max-snippet:-1","max-image-preview":"max-image-preview:large","max-video-preview":"max-video-preview:-1"},"canonical":"https:\/\/theblackfig.com\/de\/datenschuetzerklaerung","og_locale":"de_DE","og_type":"article","og_title":"Datensch\u00fctzerkl\u00e4rung | The Black Fig","og_description":"Here finden Sie die Datensch\u00fctzerkl\u00e4rung geltend auf diese Webseite. Sie finden Informationen \u00fcber Cookies und die Sammlung von Daten.","og_url":"https:\/\/theblackfig.com\/de\/datenschuetzerklaerung","og_site_name":"The Black Fig","article_publisher":"https:\/\/www.facebook.com\/TheBlackFig\/","article_modified_time":"2024-12-12T14:21:14+00:00","og_image":[{"width":600,"height":600,"url":"https:\/\/theblackfig.com\/wp-content\/uploads\/2019\/08\/theblackfig-FOOD-AND-WINE-ANARCHIST.jpg","type":"image\/jpeg"}],"twitter_card":"summary_large_image","twitter_site":"@TheBlackFig","twitter_misc":{"Gesch\u00e4tzte Lesezeit":"1\u00a0Minute"},"schema":{"@context":"https:\/\/schema.org","@graph":[{"@type":["Article","BlogPosting"],"@id":"https:\/\/theblackfig.com\/de\/datenschuetzerklaerung#article","isPartOf":{"@id":"https:\/\/theblackfig.com\/de\/datenschuetzerklaerung"},"author":{"name":"Francesca","@id":"https:\/\/theblackfig.com\/de#\/schema\/person\/33b5b6cd55d9673fcce068864afa9559"},"headline":"Datenschutzerkl\u00e4rung","datePublished":"2016-08-08T14:56:13+00:00","dateModified":"2024-12-12T14:21:14+00:00","mainEntityOfPage":{"@id":"https:\/\/theblackfig.com\/de\/datenschuetzerklaerung"},"wordCount":5,"publisher":{"@id":"https:\/\/theblackfig.com\/de#\/schema\/person\/33b5b6cd55d9673fcce068864afa9559"},"inLanguage":"de"},{"@type":"WebPage","@id":"https:\/\/theblackfig.com\/de\/datenschuetzerklaerung","url":"https:\/\/theblackfig.com\/de\/datenschuetzerklaerung","name":"Datensch\u00fctzerkl\u00e4rung | The Black Fig","isPartOf":{"@id":"https:\/\/theblackfig.com\/de#website"},"datePublished":"2016-08-08T14:56:13+00:00","dateModified":"2024-12-12T14:21:14+00:00","description":"Here finden Sie die Datensch\u00fctzerkl\u00e4rung geltend auf diese Webseite. Sie finden Informationen \u00fcber Cookies und die Sammlung von Daten.","breadcrumb":{"@id":"https:\/\/theblackfig.com\/de\/datenschuetzerklaerung#breadcrumb"},"inLanguage":"de","potentialAction":[{"@type":"ReadAction","target":["https:\/\/theblackfig.com\/de\/datenschuetzerklaerung"]}]},{"@type":"BreadcrumbList","@id":"https:\/\/theblackfig.com\/de\/datenschuetzerklaerung#breadcrumb","itemListElement":[{"@type":"ListItem","position":1,"name":"Home","item":"https:\/\/theblackfig.com\/de"},{"@type":"ListItem","position":2,"name":"Datenschutzerkl\u00e4rung"}]},{"@type":"WebSite","@id":"https:\/\/theblackfig.com\/de#website","url":"https:\/\/theblackfig.com\/de","name":"The Black Fig Food","description":"Authentisch italienisch kochen, Italienische Rezepte, Regionale K\u00fcche","publisher":{"@id":"https:\/\/theblackfig.com\/de#\/schema\/person\/33b5b6cd55d9673fcce068864afa9559"},"potentialAction":[{"@type":"SearchAction","target":{"@type":"EntryPoint","urlTemplate":"https:\/\/theblackfig.com\/de?s={search_term_string}"},"query-input":{"@type":"PropertyValueSpecification","valueRequired":true,"valueName":"search_term_string"}}],"inLanguage":"de"},{"@type":["Person","Organization"],"@id":"https:\/\/theblackfig.com\/de#\/schema\/person\/33b5b6cd55d9673fcce068864afa9559","name":"Francesca","image":{"@type":"ImageObject","inLanguage":"de","@id":"https:\/\/theblackfig.com\/wp-content\/uploads\/2019\/07\/vinessum-bw.jpg","url":"https:\/\/theblackfig.com\/wp-content\/uploads\/2019\/07\/vinessum-bw.jpg","contentUrl":"https:\/\/theblackfig.com\/wp-content\/uploads\/2019\/07\/vinessum-bw.jpg","width":1178,"height":1220,"caption":"Francesca"},"logo":{"@id":"https:\/\/theblackfig.com\/wp-content\/uploads\/2019\/07\/vinessum-bw.jpg"},"sameAs":["https:\/\/www.facebook.com\/TheBlackFig\/","https:\/\/www.instagram.com\/TheBlackFig\/","https:\/\/www.linkedin.com\/in\/ffantoni\/","https:\/\/it.pinterest.com\/theblackfig\/"]}]}},"_links":{"self":[{"href":"https:\/\/theblackfig.com\/de\/wp-json\/wp\/v2\/pages\/2676","targetHints":{"allow":["GET"]}}],"collection":[{"href":"https:\/\/theblackfig.com\/de\/wp-json\/wp\/v2\/pages"}],"about":[{"href":"https:\/\/theblackfig.com\/de\/wp-json\/wp\/v2\/types\/page"}],"author":[{"embeddable":true,"href":"https:\/\/theblackfig.com\/de\/wp-json\/wp\/v2\/users\/2"}],"replies":[{"embeddable":true,"href":"https:\/\/theblackfig.com\/de\/wp-json\/wp\/v2\/comments?post=2676"}],"version-history":[{"count":0,"href":"https:\/\/theblackfig.com\/de\/wp-json\/wp\/v2\/pages\/2676\/revisions"}],"wp:attachment":[{"href":"https:\/\/theblackfig.com\/de\/wp-json\/wp\/v2\/media?parent=2676"}],"wp:term":[{"taxonomy":"category","embeddable":true,"href":"https:\/\/theblackfig.com\/de\/wp-json\/wp\/v2\/categories?post=2676"},{"taxonomy":"post_tag","embeddable":true,"href":"https:\/\/theblackfig.com\/de\/wp-json\/wp\/v2\/tags?post=2676"}],"curies":[{"name":"wp","href":"https:\/\/api.w.org\/{rel}","templated":true}]}}