{"id":3082,"date":"2016-07-10T11:10:45","date_gmt":"2016-07-10T09:10:45","guid":{"rendered":"http:\/\/theblackfig.com\/de\/?page_id=3082"},"modified":"2019-07-19T14:53:33","modified_gmt":"2019-07-19T12:53:33","slug":"filme-rund-ums-essen-kochen-und-trinken","status":"publish","type":"page","link":"https:\/\/theblackfig.com\/de\/filme-rund-ums-essen-kochen-und-trinken","title":{"rendered":"Filme rund ums Essen, Kochen und Trinken"},"content":{"rendered":"<p><img decoding=\"async\" class=\"aligncenter size-full wp-image-4961\" src=\"http:\/\/theblackfig.com\/wp-content\/uploads\/2016\/07\/filme-uber-essen-und-trinken-1.jpg\" alt=\"Filme rund ums Essen, Kochen und Trinken\" width=\"680\" height=\"962\" srcset=\"https:\/\/theblackfig.com\/wp-content\/uploads\/2016\/07\/filme-uber-essen-und-trinken-1.jpg 680w, https:\/\/theblackfig.com\/wp-content\/uploads\/2016\/07\/filme-uber-essen-und-trinken-1-212x300.jpg 212w\" sizes=\"(max-width: 680px) 85vw, 680px\" \/><\/p>\n<div>\n<p style=\"text-align: justify;\">Ich bin leidenschaftlicher Kinofan. Einige Filme habe ich gesehen, die Essen und\/oder Trinken thematisieren.\u00a0<strong>Filme und Dokumentationen rund ums Essen, Kochen und Trinken<\/strong>: vielleicht wisst Ihr noch nicht, was Ihr heute abend schauen wollt? Kein Problem: hier sind ein paar Tipps! Meine kleine Liste f\u00fcr Kino- und Schlemmerfans&#8230;<\/p>\n<p style=\"text-align: justify;\">Weitere Empfehlungen sind herzlich willkommen! Hinterlasst gerne einen Kommentar. Vielen Dank!<\/p>\n<h2 style=\"text-align: justify;\">Filme rund ums Essen, Kochen und Trinken<\/h2>\n<\/div>\n<ul>\n<li><i>Babettes Fest<\/i>, St\u00e9phane Audran, Birgitte Federspiel, Bodil Kjer, D\u00e4nemark 1987.<\/li>\n<li><i>Chocolat<\/i>, Juliette Binoche, Leslie Caron, Alfred Molina, Johnny Depp 2000.<\/li>\n<li><i>Sideways<\/i>, Paul Giamatti, Virginia Madsen, Sandra Oh 2004.<\/li>\n<li><em>Ratatouille<\/em>, Pixar 2007.<\/li>\n<li><i>Julie &amp; Julia<\/i>, mit Meryl Streep und Amy Adams, USA 2009.<\/li>\n<li><i>Chef<\/i>, mit Jean Reno, Micha\u00ebl Youn 2012.<\/li>\n<li><em>Angels\u2019 Share \u2013 Ein Schluck f\u00fcr die Engel<\/em>, Ken Loach 2012.<\/li>\n<\/ul>\n<h2>Dokumentationen<\/h2>\n<ul>\n<li><a href=\"https:\/\/www.arte.tv\/de\/videos\/RC-017612\/punkovino\/\" target=\"_blank\" rel=\"noopener noreferrer\">Punkovino<\/a>. Eine Tour durch Europa, auf der Suche nach den Punks unter den Weinbauern. ArteTV, 2019.<\/li>\n<li>Die Doku-Reihe:\u00a0<em>Das Gl\u00fcck liegt auf dem Teller<\/em>, 2012.\u00a0Auf Arte+7\u00a0anschauen.<\/li>\n<li><em>Die kulinarischen Abenteuer der Sarah Wiener<\/em>, 2007ff. <a href=\"http:\/\/www.sarahwiener.de\/de\/sarah-wiener\/die-kulinarischen-abenteuer\/\" target=\"_blank\" rel=\"noopener noreferrer\">Weitere Info.<\/a><\/li>\n<li><em>Cooked<\/em>, von Michael Pollan 2016. <a href=\"https:\/\/www.youtube.com\/watch?v=epMAq5WYJk4\" target=\"_blank\" rel=\"noopener noreferrer\">Trailer anschauen<\/a>.<\/li>\n<li><em>The Birth of Sak\u00e9<\/em>, 2015. <a href=\"http:\/\/www.birthofsake.com\/\" target=\"_blank\" rel=\"noopener noreferrer\">Trailer anschauen<\/a>.<\/li>\n<li><em>Chef&#8217;s Table<\/em>, di David Gelb 2015 (Netflix-Serie).<\/li>\n<li><em>Jiro Dreams of Sushi<\/em>, di David Gelb 2011 (Netflix-Serie).<\/li>\n<\/ul>\n<h2>Fernsehsendungen<\/h2>\n<p>Viele davon sind auch auf DVD zu finden.<\/p>\n<ul>\n<li>Jamie Oliver, <em>The Naked Chef<\/em>, 1999ff.<\/li>\n<li><em>Jamie\u2019s Kitchen<\/em>, 2002.<\/li>\n<li><em>Die kulinarischen Abenteuer der Sarah Wiener<\/em>, Zero one film\/Arte, 2007ff.<\/li>\n<li><em>Jamie&#8217;s American Food Revolution<\/em>, 2010-2011. <a href=\"http:\/\/www.jamiesfoodrevolution.org\/\" target=\"_blank\" rel=\"noopener noreferrer\">Siehe die Webseite<\/a>.<\/li>\n<li><em>Jamie\u2019s Great Italian Escape<\/em>, 2011.<\/li>\n<\/ul>\n","protected":false},"excerpt":{"rendered":"<p>Ich bin leidenschaftlicher Kinofan. Einige Filme habe ich gesehen, die Essen und\/oder Trinken thematisieren.\u00a0Filme und Dokumentationen rund ums Essen, Kochen und Trinken: vielleicht wisst Ihr noch nicht, was Ihr heute abend schauen wollt? Kein Problem: hier sind ein paar Tipps! Meine kleine Liste f\u00fcr Kino- und Schlemmerfans&#8230; Weitere Empfehlungen sind herzlich willkommen! Hinterlasst gerne einen &hellip; <a href=\"https:\/\/theblackfig.com\/de\/filme-rund-ums-essen-kochen-und-trinken\" class=\"more-link\"><span class=\"screen-reader-text\">\u201eFilme rund ums Essen, Kochen und Trinken\u201c <\/span>weiterlesen<\/a><\/p>\n","protected":false},"author":2,"featured_media":0,"parent":0,"menu_order":0,"comment_status":"closed","ping_status":"closed","template":"","meta":{"wprm-recipe-roundup-name":"","wprm-recipe-roundup-description":"","footnotes":""},"class_list":["post-3082","page","type-page","status-publish","hentry"],"yoast_head":"<!-- This site is optimized with the Yoast SEO plugin v27.4 - https:\/\/yoast.com\/product\/yoast-seo-wordpress\/ -->\n<title>Filme rund ums Essen, Kochen und Trinken | The Black Fig<\/title>\n<meta name=\"description\" content=\"Filme rund ums Essen, Kochen und Trinken. Eine kleine Liste f\u00fcr Kinofans und f\u00fcr diejenigen, die heute Abend nicht wissen, was sie sehen k\u00f6nnen!\" \/>\n<meta name=\"robots\" content=\"index, follow, max-snippet:-1, max-image-preview:large, max-video-preview:-1\" \/>\n<link rel=\"canonical\" href=\"https:\/\/theblackfig.com\/de\/filme-rund-ums-essen-kochen-und-trinken\" \/>\n<meta property=\"og:locale\" content=\"de_DE\" \/>\n<meta property=\"og:type\" content=\"article\" \/>\n<meta property=\"og:title\" content=\"Filme rund ums Essen, Kochen und Trinken | The Black Fig\" \/>\n<meta property=\"og:description\" content=\"Filme rund ums Essen, Kochen und Trinken. Eine kleine Liste f\u00fcr Kinofans und f\u00fcr diejenigen, die heute Abend nicht wissen, was sie sehen k\u00f6nnen!\" \/>\n<meta property=\"og:url\" content=\"https:\/\/theblackfig.com\/de\/filme-rund-ums-essen-kochen-und-trinken\" \/>\n<meta property=\"og:site_name\" content=\"The Black Fig\" \/>\n<meta property=\"article:publisher\" content=\"https:\/\/www.facebook.com\/TheBlackFig\/\" \/>\n<meta property=\"article:modified_time\" content=\"2019-07-19T12:53:33+00:00\" \/>\n<meta property=\"og:image\" content=\"http:\/\/theblackfig.com\/wp-content\/uploads\/2016\/07\/filme-uber-essen-und-trinken-1.jpg\" \/>\n<meta name=\"twitter:card\" content=\"summary_large_image\" \/>\n<meta name=\"twitter:site\" content=\"@TheBlackFig\" \/>\n<meta name=\"twitter:label1\" content=\"Gesch\u00e4tzte Lesezeit\" \/>\n\t<meta name=\"twitter:data1\" content=\"1\u00a0Minute\" \/>\n<script type=\"application\/ld+json\" class=\"yoast-schema-graph\">{\"@context\":\"https:\\\/\\\/schema.org\",\"@graph\":[{\"@type\":[\"Article\",\"BlogPosting\"],\"@id\":\"https:\\\/\\\/theblackfig.com\\\/de\\\/filme-rund-ums-essen-kochen-und-trinken#article\",\"isPartOf\":{\"@id\":\"https:\\\/\\\/theblackfig.com\\\/de\\\/filme-rund-ums-essen-kochen-und-trinken\"},\"author\":{\"name\":\"Francesca\",\"@id\":\"https:\\\/\\\/theblackfig.com\\\/de#\\\/schema\\\/person\\\/33b5b6cd55d9673fcce068864afa9559\"},\"headline\":\"Filme rund ums Essen, Kochen und Trinken\",\"datePublished\":\"2016-07-10T09:10:45+00:00\",\"dateModified\":\"2019-07-19T12:53:33+00:00\",\"mainEntityOfPage\":{\"@id\":\"https:\\\/\\\/theblackfig.com\\\/de\\\/filme-rund-ums-essen-kochen-und-trinken\"},\"wordCount\":238,\"publisher\":{\"@id\":\"https:\\\/\\\/theblackfig.com\\\/de#\\\/schema\\\/person\\\/33b5b6cd55d9673fcce068864afa9559\"},\"image\":{\"@id\":\"https:\\\/\\\/theblackfig.com\\\/de\\\/filme-rund-ums-essen-kochen-und-trinken#primaryimage\"},\"thumbnailUrl\":\"http:\\\/\\\/theblackfig.com\\\/wp-content\\\/uploads\\\/2016\\\/07\\\/filme-uber-essen-und-trinken-1.jpg\",\"inLanguage\":\"de\"},{\"@type\":\"WebPage\",\"@id\":\"https:\\\/\\\/theblackfig.com\\\/de\\\/filme-rund-ums-essen-kochen-und-trinken\",\"url\":\"https:\\\/\\\/theblackfig.com\\\/de\\\/filme-rund-ums-essen-kochen-und-trinken\",\"name\":\"Filme rund ums Essen, Kochen und Trinken | The Black Fig\",\"isPartOf\":{\"@id\":\"https:\\\/\\\/theblackfig.com\\\/de#website\"},\"primaryImageOfPage\":{\"@id\":\"https:\\\/\\\/theblackfig.com\\\/de\\\/filme-rund-ums-essen-kochen-und-trinken#primaryimage\"},\"image\":{\"@id\":\"https:\\\/\\\/theblackfig.com\\\/de\\\/filme-rund-ums-essen-kochen-und-trinken#primaryimage\"},\"thumbnailUrl\":\"http:\\\/\\\/theblackfig.com\\\/wp-content\\\/uploads\\\/2016\\\/07\\\/filme-uber-essen-und-trinken-1.jpg\",\"datePublished\":\"2016-07-10T09:10:45+00:00\",\"dateModified\":\"2019-07-19T12:53:33+00:00\",\"description\":\"Filme rund ums Essen, Kochen und Trinken. Eine kleine Liste f\u00fcr Kinofans und f\u00fcr diejenigen, die heute Abend nicht wissen, was sie sehen k\u00f6nnen!\",\"breadcrumb\":{\"@id\":\"https:\\\/\\\/theblackfig.com\\\/de\\\/filme-rund-ums-essen-kochen-und-trinken#breadcrumb\"},\"inLanguage\":\"de\",\"potentialAction\":[{\"@type\":\"ReadAction\",\"target\":[\"https:\\\/\\\/theblackfig.com\\\/de\\\/filme-rund-ums-essen-kochen-und-trinken\"]}]},{\"@type\":\"ImageObject\",\"inLanguage\":\"de\",\"@id\":\"https:\\\/\\\/theblackfig.com\\\/de\\\/filme-rund-ums-essen-kochen-und-trinken#primaryimage\",\"url\":\"http:\\\/\\\/theblackfig.com\\\/wp-content\\\/uploads\\\/2016\\\/07\\\/filme-uber-essen-und-trinken-1.jpg\",\"contentUrl\":\"http:\\\/\\\/theblackfig.com\\\/wp-content\\\/uploads\\\/2016\\\/07\\\/filme-uber-essen-und-trinken-1.jpg\"},{\"@type\":\"BreadcrumbList\",\"@id\":\"https:\\\/\\\/theblackfig.com\\\/de\\\/filme-rund-ums-essen-kochen-und-trinken#breadcrumb\",\"itemListElement\":[{\"@type\":\"ListItem\",\"position\":1,\"name\":\"Home\",\"item\":\"https:\\\/\\\/theblackfig.com\\\/de\\\/ueber-mich\"},{\"@type\":\"ListItem\",\"position\":2,\"name\":\"Filme rund ums Essen, Kochen und Trinken\"}]},{\"@type\":\"WebSite\",\"@id\":\"https:\\\/\\\/theblackfig.com\\\/de#website\",\"url\":\"https:\\\/\\\/theblackfig.com\\\/de\",\"name\":\"The Black Fig Food\",\"description\":\"Authentisch italienisch kochen, Italienische Rezepte, Regionale K\u00fcche\",\"publisher\":{\"@id\":\"https:\\\/\\\/theblackfig.com\\\/de#\\\/schema\\\/person\\\/33b5b6cd55d9673fcce068864afa9559\"},\"potentialAction\":[{\"@type\":\"SearchAction\",\"target\":{\"@type\":\"EntryPoint\",\"urlTemplate\":\"https:\\\/\\\/theblackfig.com\\\/de?s={search_term_string}\"},\"query-input\":{\"@type\":\"PropertyValueSpecification\",\"valueRequired\":true,\"valueName\":\"search_term_string\"}}],\"inLanguage\":\"de\"},{\"@type\":[\"Person\",\"Organization\"],\"@id\":\"https:\\\/\\\/theblackfig.com\\\/de#\\\/schema\\\/person\\\/33b5b6cd55d9673fcce068864afa9559\",\"name\":\"Francesca\",\"image\":{\"@type\":\"ImageObject\",\"inLanguage\":\"de\",\"@id\":\"https:\\\/\\\/theblackfig.com\\\/wp-content\\\/uploads\\\/2019\\\/07\\\/vinessum-bw.jpg\",\"url\":\"https:\\\/\\\/theblackfig.com\\\/wp-content\\\/uploads\\\/2019\\\/07\\\/vinessum-bw.jpg\",\"contentUrl\":\"https:\\\/\\\/theblackfig.com\\\/wp-content\\\/uploads\\\/2019\\\/07\\\/vinessum-bw.jpg\",\"width\":1178,\"height\":1220,\"caption\":\"Francesca\"},\"logo\":{\"@id\":\"https:\\\/\\\/theblackfig.com\\\/wp-content\\\/uploads\\\/2019\\\/07\\\/vinessum-bw.jpg\"},\"sameAs\":[\"https:\\\/\\\/www.facebook.com\\\/TheBlackFig\\\/\",\"https:\\\/\\\/www.instagram.com\\\/TheBlackFig\\\/\",\"https:\\\/\\\/www.linkedin.com\\\/in\\\/ffantoni\\\/\",\"https:\\\/\\\/it.pinterest.com\\\/theblackfig\\\/\"]}]}<\/script>\n<!-- \/ Yoast SEO plugin. -->","yoast_head_json":{"title":"Filme rund ums Essen, Kochen und Trinken | The Black Fig","description":"Filme rund ums Essen, Kochen und Trinken. Eine kleine Liste f\u00fcr Kinofans und f\u00fcr diejenigen, die heute Abend nicht wissen, was sie sehen k\u00f6nnen!","robots":{"index":"index","follow":"follow","max-snippet":"max-snippet:-1","max-image-preview":"max-image-preview:large","max-video-preview":"max-video-preview:-1"},"canonical":"https:\/\/theblackfig.com\/de\/filme-rund-ums-essen-kochen-und-trinken","og_locale":"de_DE","og_type":"article","og_title":"Filme rund ums Essen, Kochen und Trinken | The Black Fig","og_description":"Filme rund ums Essen, Kochen und Trinken. Eine kleine Liste f\u00fcr Kinofans und f\u00fcr diejenigen, die heute Abend nicht wissen, was sie sehen k\u00f6nnen!","og_url":"https:\/\/theblackfig.com\/de\/filme-rund-ums-essen-kochen-und-trinken","og_site_name":"The Black Fig","article_publisher":"https:\/\/www.facebook.com\/TheBlackFig\/","article_modified_time":"2019-07-19T12:53:33+00:00","og_image":[{"url":"http:\/\/theblackfig.com\/wp-content\/uploads\/2016\/07\/filme-uber-essen-und-trinken-1.jpg","type":"","width":"","height":""}],"twitter_card":"summary_large_image","twitter_site":"@TheBlackFig","twitter_misc":{"Gesch\u00e4tzte Lesezeit":"1\u00a0Minute"},"schema":{"@context":"https:\/\/schema.org","@graph":[{"@type":["Article","BlogPosting"],"@id":"https:\/\/theblackfig.com\/de\/filme-rund-ums-essen-kochen-und-trinken#article","isPartOf":{"@id":"https:\/\/theblackfig.com\/de\/filme-rund-ums-essen-kochen-und-trinken"},"author":{"name":"Francesca","@id":"https:\/\/theblackfig.com\/de#\/schema\/person\/33b5b6cd55d9673fcce068864afa9559"},"headline":"Filme rund ums Essen, Kochen und Trinken","datePublished":"2016-07-10T09:10:45+00:00","dateModified":"2019-07-19T12:53:33+00:00","mainEntityOfPage":{"@id":"https:\/\/theblackfig.com\/de\/filme-rund-ums-essen-kochen-und-trinken"},"wordCount":238,"publisher":{"@id":"https:\/\/theblackfig.com\/de#\/schema\/person\/33b5b6cd55d9673fcce068864afa9559"},"image":{"@id":"https:\/\/theblackfig.com\/de\/filme-rund-ums-essen-kochen-und-trinken#primaryimage"},"thumbnailUrl":"http:\/\/theblackfig.com\/wp-content\/uploads\/2016\/07\/filme-uber-essen-und-trinken-1.jpg","inLanguage":"de"},{"@type":"WebPage","@id":"https:\/\/theblackfig.com\/de\/filme-rund-ums-essen-kochen-und-trinken","url":"https:\/\/theblackfig.com\/de\/filme-rund-ums-essen-kochen-und-trinken","name":"Filme rund ums Essen, Kochen und Trinken | The Black Fig","isPartOf":{"@id":"https:\/\/theblackfig.com\/de#website"},"primaryImageOfPage":{"@id":"https:\/\/theblackfig.com\/de\/filme-rund-ums-essen-kochen-und-trinken#primaryimage"},"image":{"@id":"https:\/\/theblackfig.com\/de\/filme-rund-ums-essen-kochen-und-trinken#primaryimage"},"thumbnailUrl":"http:\/\/theblackfig.com\/wp-content\/uploads\/2016\/07\/filme-uber-essen-und-trinken-1.jpg","datePublished":"2016-07-10T09:10:45+00:00","dateModified":"2019-07-19T12:53:33+00:00","description":"Filme rund ums Essen, Kochen und Trinken. Eine kleine Liste f\u00fcr Kinofans und f\u00fcr diejenigen, die heute Abend nicht wissen, was sie sehen k\u00f6nnen!","breadcrumb":{"@id":"https:\/\/theblackfig.com\/de\/filme-rund-ums-essen-kochen-und-trinken#breadcrumb"},"inLanguage":"de","potentialAction":[{"@type":"ReadAction","target":["https:\/\/theblackfig.com\/de\/filme-rund-ums-essen-kochen-und-trinken"]}]},{"@type":"ImageObject","inLanguage":"de","@id":"https:\/\/theblackfig.com\/de\/filme-rund-ums-essen-kochen-und-trinken#primaryimage","url":"http:\/\/theblackfig.com\/wp-content\/uploads\/2016\/07\/filme-uber-essen-und-trinken-1.jpg","contentUrl":"http:\/\/theblackfig.com\/wp-content\/uploads\/2016\/07\/filme-uber-essen-und-trinken-1.jpg"},{"@type":"BreadcrumbList","@id":"https:\/\/theblackfig.com\/de\/filme-rund-ums-essen-kochen-und-trinken#breadcrumb","itemListElement":[{"@type":"ListItem","position":1,"name":"Home","item":"https:\/\/theblackfig.com\/de\/ueber-mich"},{"@type":"ListItem","position":2,"name":"Filme rund ums Essen, Kochen und Trinken"}]},{"@type":"WebSite","@id":"https:\/\/theblackfig.com\/de#website","url":"https:\/\/theblackfig.com\/de","name":"The Black Fig Food","description":"Authentisch italienisch kochen, Italienische Rezepte, Regionale K\u00fcche","publisher":{"@id":"https:\/\/theblackfig.com\/de#\/schema\/person\/33b5b6cd55d9673fcce068864afa9559"},"potentialAction":[{"@type":"SearchAction","target":{"@type":"EntryPoint","urlTemplate":"https:\/\/theblackfig.com\/de?s={search_term_string}"},"query-input":{"@type":"PropertyValueSpecification","valueRequired":true,"valueName":"search_term_string"}}],"inLanguage":"de"},{"@type":["Person","Organization"],"@id":"https:\/\/theblackfig.com\/de#\/schema\/person\/33b5b6cd55d9673fcce068864afa9559","name":"Francesca","image":{"@type":"ImageObject","inLanguage":"de","@id":"https:\/\/theblackfig.com\/wp-content\/uploads\/2019\/07\/vinessum-bw.jpg","url":"https:\/\/theblackfig.com\/wp-content\/uploads\/2019\/07\/vinessum-bw.jpg","contentUrl":"https:\/\/theblackfig.com\/wp-content\/uploads\/2019\/07\/vinessum-bw.jpg","width":1178,"height":1220,"caption":"Francesca"},"logo":{"@id":"https:\/\/theblackfig.com\/wp-content\/uploads\/2019\/07\/vinessum-bw.jpg"},"sameAs":["https:\/\/www.facebook.com\/TheBlackFig\/","https:\/\/www.instagram.com\/TheBlackFig\/","https:\/\/www.linkedin.com\/in\/ffantoni\/","https:\/\/it.pinterest.com\/theblackfig\/"]}]}},"_links":{"self":[{"href":"https:\/\/theblackfig.com\/de\/wp-json\/wp\/v2\/pages\/3082","targetHints":{"allow":["GET"]}}],"collection":[{"href":"https:\/\/theblackfig.com\/de\/wp-json\/wp\/v2\/pages"}],"about":[{"href":"https:\/\/theblackfig.com\/de\/wp-json\/wp\/v2\/types\/page"}],"author":[{"embeddable":true,"href":"https:\/\/theblackfig.com\/de\/wp-json\/wp\/v2\/users\/2"}],"replies":[{"embeddable":true,"href":"https:\/\/theblackfig.com\/de\/wp-json\/wp\/v2\/comments?post=3082"}],"version-history":[{"count":0,"href":"https:\/\/theblackfig.com\/de\/wp-json\/wp\/v2\/pages\/3082\/revisions"}],"wp:attachment":[{"href":"https:\/\/theblackfig.com\/de\/wp-json\/wp\/v2\/media?parent=3082"}],"curies":[{"name":"wp","href":"https:\/\/api.w.org\/{rel}","templated":true}]}}